{"id":238,"date":"2021-01-11T22:59:40","date_gmt":"2021-01-11T21:59:40","guid":{"rendered":"https:\/\/concess.transport-manager.net\/vdi\/?page_id=238"},"modified":"2026-03-10T16:16:29","modified_gmt":"2026-03-10T15:16:29","slug":"cgv","status":"publish","type":"page","link":"https:\/\/concess.transport-manager.net\/vdi\/cgv\/","title":{"rendered":"CGV"},"content":{"rendered":"\n<p><em>Le contenu de ce site est exclusif \u00e0 la concession VDI, concession fictive du jeu Transport Manager. Il ne saurait en aucun cas fournir des informations r\u00e9elles sur les concessions Irizar, Hess, VDL ou Van Hool.<\/em><\/p>\n\n\n\n<blockquote class=\"wp-block-quote is-layout-flow wp-block-quote-is-layout-flow\">\n<p>Ci-dessous les conditions g\u00e9n\u00e9rale de notre site pour chaque service que nous offrons au joueurs.<\/p>\n\n\n\n<p>Vous avez une question ? N&rsquo;h\u00e9sitez pas \u00e0 contacter nos concessionnaire via nos canaux officiel.<\/p>\n<\/blockquote>\n\n\n\n<div class=\"wp-block-buttons is-content-justification-center is-layout-flex wp-container-core-buttons-is-layout-16018d1d wp-block-buttons-is-layout-flex\">\n<div class=\"wp-block-button\"><a class=\"wp-block-button__link has-text-align-center wp-element-button\" href=\"#PMARS\">CGV Promo mars<\/a><\/div>\n<\/div>\n\n\n\n<div class=\"wp-block-buttons alignwide is-content-justification-center is-layout-flex wp-container-core-buttons-is-layout-16018d1d wp-block-buttons-is-layout-flex\">\n<div class=\"wp-block-button\"><a class=\"wp-block-button__link wp-element-button\" href=\"#NEUF\">CGV Neuf et occasion<\/a><\/div>\n\n\n\n<div class=\"wp-block-button\"><a class=\"wp-block-button__link wp-element-button\" href=\"#CODE\">CGV code promo<\/a><\/div>\n\n\n\n<div class=\"wp-block-button\"><a class=\"wp-block-button__link wp-element-button\" href=\"#LOC\">CGV Location<\/a><\/div>\n\n\n\n<div class=\"wp-block-button\"><a class=\"wp-block-button__link wp-element-button\" href=\"#SAV\">CGV SAV<\/a><\/div>\n\n\n\n<div class=\"wp-block-button\"><a class=\"wp-block-button__link wp-element-button\" href=\"#CLUB\">CGV CLUB<\/a><\/div>\n<\/div>\n\n\n\n<h2 class=\"wp-block-heading\" id=\"NEUF\">CGV Vente neuf et occasion<\/h2>\n\n\n\n<div data-wp-interactive=\"core\/file\" class=\"wp-block-file\"><object data-wp-bind--hidden=\"!state.hasPdfPreview\" hidden class=\"wp-block-file__embed\" data=\"https:\/\/concess.transport-manager.net\/vdi\/wp-content\/uploads\/sites\/6\/2025\/12\/INFOLEGVENTE.pdf\" type=\"application\/pdf\" style=\"width:100%;height:600px\" aria-label=\"Contenu embarqu\u00e9 INFOLEGVENTE.\"><\/object><a id=\"wp-block-file--media-050d4855-c262-406d-aa9e-88f9c961f075\" href=\"https:\/\/concess.transport-manager.net\/vdi\/wp-content\/uploads\/sites\/6\/2025\/12\/INFOLEGVENTE.pdf\">INFOLEGVENTE<\/a><a href=\"https:\/\/concess.transport-manager.net\/vdi\/wp-content\/uploads\/sites\/6\/2025\/12\/INFOLEGVENTE.pdf\" class=\"wp-block-file__button wp-element-button\" download aria-describedby=\"wp-block-file--media-050d4855-c262-406d-aa9e-88f9c961f075\">T\u00e9l\u00e9charger<\/a><\/div>\n\n\n\n<h2 class=\"wp-block-heading\" id=\"CODE\">CGV Code promo<\/h2>\n\n\n\n<div data-wp-interactive=\"core\/file\" class=\"wp-block-file\"><object data-wp-bind--hidden=\"!state.hasPdfPreview\" hidden class=\"wp-block-file__embed\" data=\"https:\/\/concess.transport-manager.net\/vdi\/wp-content\/uploads\/sites\/6\/2025\/12\/INFOLEGCODPROM.pdf\" type=\"application\/pdf\" style=\"width:100%;height:600px\" aria-label=\"Contenu embarqu\u00e9 INFOLEGCODPROM.\"><\/object><a id=\"wp-block-file--media-9b28ad01-0feb-4adc-a234-62def6a24332\" href=\"https:\/\/concess.transport-manager.net\/vdi\/wp-content\/uploads\/sites\/6\/2025\/12\/INFOLEGCODPROM.pdf\">INFOLEGCODPROM<\/a><a href=\"https:\/\/concess.transport-manager.net\/vdi\/wp-content\/uploads\/sites\/6\/2025\/12\/INFOLEGCODPROM.pdf\" class=\"wp-block-file__button wp-element-button\" download aria-describedby=\"wp-block-file--media-9b28ad01-0feb-4adc-a234-62def6a24332\">T\u00e9l\u00e9charger<\/a><\/div>\n\n\n\n<h2 class=\"wp-block-heading\" id=\"LOC\">CGV Location<\/h2>\n\n\n\n<div data-wp-interactive=\"core\/file\" class=\"wp-block-file\"><object data-wp-bind--hidden=\"!state.hasPdfPreview\" hidden class=\"wp-block-file__embed\" data=\"https:\/\/concess.transport-manager.net\/vdi\/wp-content\/uploads\/sites\/6\/2025\/12\/INFOLEGLOC.pdf\" type=\"application\/pdf\" style=\"width:100%;height:600px\" aria-label=\"Contenu embarqu\u00e9 INFOLEGLOC.\"><\/object><a id=\"wp-block-file--media-c030f41d-7c3b-4ebe-ab6e-3ebb1dd6e5f8\" href=\"https:\/\/concess.transport-manager.net\/vdi\/wp-content\/uploads\/sites\/6\/2025\/12\/INFOLEGLOC.pdf\">INFOLEGLOC<\/a><a href=\"https:\/\/concess.transport-manager.net\/vdi\/wp-content\/uploads\/sites\/6\/2025\/12\/INFOLEGLOC.pdf\" class=\"wp-block-file__button wp-element-button\" download aria-describedby=\"wp-block-file--media-c030f41d-7c3b-4ebe-ab6e-3ebb1dd6e5f8\">T\u00e9l\u00e9charger<\/a><\/div>\n\n\n\n<h2 class=\"wp-block-heading\" id=\"SAV\">CGV SAV<\/h2>\n\n\n\n<div data-wp-interactive=\"core\/file\" class=\"wp-block-file\"><object data-wp-bind--hidden=\"!state.hasPdfPreview\" hidden class=\"wp-block-file__embed\" data=\"https:\/\/concess.transport-manager.net\/vdi\/wp-content\/uploads\/sites\/6\/2025\/12\/INFOLEGSAV.pdf\" type=\"application\/pdf\" style=\"width:100%;height:600px\" aria-label=\"Contenu embarqu\u00e9 INFOLEGSAV.\"><\/object><a id=\"wp-block-file--media-29bc891f-831b-4ada-8070-b79875ceefcd\" href=\"https:\/\/concess.transport-manager.net\/vdi\/wp-content\/uploads\/sites\/6\/2025\/12\/INFOLEGSAV.pdf\">INFOLEGSAV<\/a><a href=\"https:\/\/concess.transport-manager.net\/vdi\/wp-content\/uploads\/sites\/6\/2025\/12\/INFOLEGSAV.pdf\" class=\"wp-block-file__button wp-element-button\" download aria-describedby=\"wp-block-file--media-29bc891f-831b-4ada-8070-b79875ceefcd\">T\u00e9l\u00e9charger<\/a><\/div>\n\n\n\n<h2 class=\"wp-block-heading\" id=\"Club\">CGV Club VDI<\/h2>\n\n\n\n<div data-wp-interactive=\"core\/file\" class=\"wp-block-file\"><object data-wp-bind--hidden=\"!state.hasPdfPreview\" hidden class=\"wp-block-file__embed\" data=\"https:\/\/concess.transport-manager.net\/vdi\/wp-content\/uploads\/sites\/6\/2025\/12\/INFOLEGVDISTAR.pdf\" type=\"application\/pdf\" style=\"width:100%;height:600px\" aria-label=\"Contenu embarqu\u00e9 INFOLEGVDISTAR.\"><\/object><a id=\"wp-block-file--media-96304917-6ee6-4e99-9e87-65a9b6a402a6\" href=\"https:\/\/concess.transport-manager.net\/vdi\/wp-content\/uploads\/sites\/6\/2025\/12\/INFOLEGVDISTAR.pdf\">INFOLEGVDISTAR<\/a><a href=\"https:\/\/concess.transport-manager.net\/vdi\/wp-content\/uploads\/sites\/6\/2025\/12\/INFOLEGVDISTAR.pdf\" class=\"wp-block-file__button wp-element-button\" download aria-describedby=\"wp-block-file--media-96304917-6ee6-4e99-9e87-65a9b6a402a6\">T\u00e9l\u00e9charger<\/a><\/div>\n\n\n\n<h2 class=\"wp-block-heading\" id=\"PMARS\">CGV Promo Mars 2026<\/h2>\n\n\n\n<div data-wp-interactive=\"core\/file\" class=\"wp-block-file\"><object data-wp-bind--hidden=\"!state.hasPdfPreview\" hidden class=\"wp-block-file__embed\" data=\"https:\/\/concess.transport-manager.net\/vdi\/wp-content\/uploads\/sites\/6\/2026\/03\/INFOLEGPMARS.pdf\" type=\"application\/pdf\" style=\"width:100%;height:600px\" aria-label=\"Contenu embarqu\u00e9 INFOLEGPMARS.\"><\/object><a id=\"wp-block-file--media-266fec80-486d-49bc-8053-ab988c943db7\" href=\"https:\/\/concess.transport-manager.net\/vdi\/wp-content\/uploads\/sites\/6\/2026\/03\/INFOLEGPMARS.pdf\">INFOLEGPMARS<\/a><a href=\"https:\/\/concess.transport-manager.net\/vdi\/wp-content\/uploads\/sites\/6\/2026\/03\/INFOLEGPMARS.pdf\" class=\"wp-block-file__button wp-element-button\" download aria-describedby=\"wp-block-file--media-266fec80-486d-49bc-8053-ab988c943db7\">T\u00e9l\u00e9charger<\/a><\/div>\n","protected":false},"excerpt":{"rendered":"<p>Le contenu de ce site est exclusif \u00e0 la concession VDI, concession fictive du jeu Transport Manager. Il ne saurait en aucun cas fournir des informations r\u00e9elles sur les concessions Irizar, Hess, VDL ou Van Hool. Ci-dessous les conditions g\u00e9n\u00e9rale de notre site pour chaque service que nous offrons au joueurs. Vous avez une question [&hellip;]<\/p>\n","protected":false},"author":7,"featured_media":3746,"parent":0,"menu_order":0,"comment_status":"closed","ping_status":"closed","template":"","meta":{"footnotes":""},"class_list":["post-238","page","type-page","status-publish","has-post-thumbnail","hentry"],"_links":{"self":[{"href":"https:\/\/concess.transport-manager.net\/vdi\/wp-json\/wp\/v2\/pages\/238","targetHints":{"allow":["GET"]}}],"collection":[{"href":"https:\/\/concess.transport-manager.net\/vdi\/wp-json\/wp\/v2\/pages"}],"about":[{"href":"https:\/\/concess.transport-manager.net\/vdi\/wp-json\/wp\/v2\/types\/page"}],"author":[{"embeddable":true,"href":"https:\/\/concess.transport-manager.net\/vdi\/wp-json\/wp\/v2\/users\/7"}],"replies":[{"embeddable":true,"href":"https:\/\/concess.transport-manager.net\/vdi\/wp-json\/wp\/v2\/comments?post=238"}],"version-history":[{"count":93,"href":"https:\/\/concess.transport-manager.net\/vdi\/wp-json\/wp\/v2\/pages\/238\/revisions"}],"predecessor-version":[{"id":3954,"href":"https:\/\/concess.transport-manager.net\/vdi\/wp-json\/wp\/v2\/pages\/238\/revisions\/3954"}],"wp:featuredmedia":[{"embeddable":true,"href":"https:\/\/concess.transport-manager.net\/vdi\/wp-json\/wp\/v2\/media\/3746"}],"wp:attachment":[{"href":"https:\/\/concess.transport-manager.net\/vdi\/wp-json\/wp\/v2\/media?parent=238"}],"curies":[{"name":"wp","href":"https:\/\/api.w.org\/{rel}","templated":true}]}}