{"id":3239,"date":"2025-02-13T16:42:00","date_gmt":"2025-02-13T15:42:00","guid":{"rendered":"https:\/\/concess.transport-manager.net\/vdi\/?page_id=3239"},"modified":"2025-02-13T17:48:36","modified_gmt":"2025-02-13T16:48:36","slug":"le-club-vdi-star","status":"publish","type":"page","link":"https:\/\/concess.transport-manager.net\/vdi\/le-club-vdi-star\/","title":{"rendered":"Le club VDI Star"},"content":{"rendered":"\n<figure class=\"wp-block-image size-full\"><img loading=\"lazy\" decoding=\"async\" width=\"800\" height=\"328\" src=\"https:\/\/concess.transport-manager.net\/vdi\/wp-content\/uploads\/sites\/6\/2022\/06\/VDIstar-1.png\" alt=\"\" class=\"wp-image-2010\" srcset=\"https:\/\/concess.transport-manager.net\/vdi\/wp-content\/uploads\/sites\/6\/2022\/06\/VDIstar-1.png 800w, https:\/\/concess.transport-manager.net\/vdi\/wp-content\/uploads\/sites\/6\/2022\/06\/VDIstar-1-300x123.png 300w, https:\/\/concess.transport-manager.net\/vdi\/wp-content\/uploads\/sites\/6\/2022\/06\/VDIstar-1-768x315.png 768w\" sizes=\"auto, (max-width: 800px) 100vw, 800px\" \/><\/figure>\n\n\n\n<p>Les avantages du club VDI STAR :<\/p>\n\n\n\n<figure class=\"wp-block-image alignwide size-full\"><img loading=\"lazy\" decoding=\"async\" width=\"1024\" height=\"768\" src=\"https:\/\/concess.transport-manager.net\/vdi\/wp-content\/uploads\/sites\/6\/2025\/02\/1-2.png\" alt=\"\" class=\"wp-image-3460\" srcset=\"https:\/\/concess.transport-manager.net\/vdi\/wp-content\/uploads\/sites\/6\/2025\/02\/1-2.png 1024w, https:\/\/concess.transport-manager.net\/vdi\/wp-content\/uploads\/sites\/6\/2025\/02\/1-2-300x225.png 300w, https:\/\/concess.transport-manager.net\/vdi\/wp-content\/uploads\/sites\/6\/2025\/02\/1-2-768x576.png 768w\" sizes=\"auto, (max-width: 1024px) 100vw, 1024px\" \/><\/figure>\n\n\n\n<figure class=\"wp-block-image alignwide size-full\"><img loading=\"lazy\" decoding=\"async\" width=\"1024\" height=\"768\" src=\"https:\/\/concess.transport-manager.net\/vdi\/wp-content\/uploads\/sites\/6\/2025\/02\/2-1.png\" alt=\"\" class=\"wp-image-3449\" srcset=\"https:\/\/concess.transport-manager.net\/vdi\/wp-content\/uploads\/sites\/6\/2025\/02\/2-1.png 1024w, https:\/\/concess.transport-manager.net\/vdi\/wp-content\/uploads\/sites\/6\/2025\/02\/2-1-300x225.png 300w, https:\/\/concess.transport-manager.net\/vdi\/wp-content\/uploads\/sites\/6\/2025\/02\/2-1-768x576.png 768w\" sizes=\"auto, (max-width: 1024px) 100vw, 1024px\" \/><\/figure>\n\n\n\n<p><a href=\"https:\/\/forms.gle\/BTbWiWzqsDTetq5f8\" data-type=\"link\" data-id=\"https:\/\/forms.gle\/fkrKQk686YJ4ov4v6\">Abonnez vous via ce lien !<\/a><\/p>\n\n\n\n<p>Pour utiliser la promo amis, indiquer le pseudo de votre amis abonn\u00e9 dans le formulaire. Celui ci sera alors contact\u00e9 pour valider la promo.<\/p>\n\n\n\n<h2 class=\"wp-block-heading\">Quelques d\u00e9tails :<\/h2>\n\n\n\n<figure class=\"wp-block-image size-large\"><img loading=\"lazy\" decoding=\"async\" width=\"1024\" height=\"512\" src=\"https:\/\/concess.transport-manager.net\/vdi\/wp-content\/uploads\/sites\/6\/2025\/01\/Banniere-SAVLOC-1024x512.png\" alt=\"\" class=\"wp-image-3343\" srcset=\"https:\/\/concess.transport-manager.net\/vdi\/wp-content\/uploads\/sites\/6\/2025\/01\/Banniere-SAVLOC-1024x512.png 1024w, https:\/\/concess.transport-manager.net\/vdi\/wp-content\/uploads\/sites\/6\/2025\/01\/Banniere-SAVLOC-300x150.png 300w, https:\/\/concess.transport-manager.net\/vdi\/wp-content\/uploads\/sites\/6\/2025\/01\/Banniere-SAVLOC-768x384.png 768w, https:\/\/concess.transport-manager.net\/vdi\/wp-content\/uploads\/sites\/6\/2025\/01\/Banniere-SAVLOC-1536x768.png 1536w, https:\/\/concess.transport-manager.net\/vdi\/wp-content\/uploads\/sites\/6\/2025\/01\/Banniere-SAVLOC-2048x1024.png 2048w, https:\/\/concess.transport-manager.net\/vdi\/wp-content\/uploads\/sites\/6\/2025\/01\/Banniere-SAVLOC-1200x600.png 1200w, https:\/\/concess.transport-manager.net\/vdi\/wp-content\/uploads\/sites\/6\/2025\/01\/Banniere-SAVLOC-1980x990.png 1980w\" sizes=\"auto, (max-width: 1024px) 100vw, 1024px\" \/><\/figure>\n\n\n\n<figure class=\"wp-block-image size-large\"><img loading=\"lazy\" decoding=\"async\" width=\"1024\" height=\"512\" src=\"https:\/\/concess.transport-manager.net\/vdi\/wp-content\/uploads\/sites\/6\/2025\/02\/Banniere-SAV-REPARATION-1024x512.png\" alt=\"\" class=\"wp-image-3443\" srcset=\"https:\/\/concess.transport-manager.net\/vdi\/wp-content\/uploads\/sites\/6\/2025\/02\/Banniere-SAV-REPARATION-1024x512.png 1024w, https:\/\/concess.transport-manager.net\/vdi\/wp-content\/uploads\/sites\/6\/2025\/02\/Banniere-SAV-REPARATION-300x150.png 300w, https:\/\/concess.transport-manager.net\/vdi\/wp-content\/uploads\/sites\/6\/2025\/02\/Banniere-SAV-REPARATION-768x384.png 768w, https:\/\/concess.transport-manager.net\/vdi\/wp-content\/uploads\/sites\/6\/2025\/02\/Banniere-SAV-REPARATION-1536x768.png 1536w, https:\/\/concess.transport-manager.net\/vdi\/wp-content\/uploads\/sites\/6\/2025\/02\/Banniere-SAV-REPARATION-2048x1024.png 2048w, https:\/\/concess.transport-manager.net\/vdi\/wp-content\/uploads\/sites\/6\/2025\/02\/Banniere-SAV-REPARATION-1200x600.png 1200w, https:\/\/concess.transport-manager.net\/vdi\/wp-content\/uploads\/sites\/6\/2025\/02\/Banniere-SAV-REPARATION-1980x990.png 1980w\" sizes=\"auto, (max-width: 1024px) 100vw, 1024px\" \/><\/figure>\n\n\n\n<figure class=\"wp-block-image size-large\"><img loading=\"lazy\" decoding=\"async\" width=\"1024\" height=\"512\" src=\"https:\/\/concess.transport-manager.net\/vdi\/wp-content\/uploads\/sites\/6\/2025\/01\/Banniere-Vente-privee-1-1024x512.png\" alt=\"\" class=\"wp-image-3332\" srcset=\"https:\/\/concess.transport-manager.net\/vdi\/wp-content\/uploads\/sites\/6\/2025\/01\/Banniere-Vente-privee-1-1024x512.png 1024w, https:\/\/concess.transport-manager.net\/vdi\/wp-content\/uploads\/sites\/6\/2025\/01\/Banniere-Vente-privee-1-300x150.png 300w, https:\/\/concess.transport-manager.net\/vdi\/wp-content\/uploads\/sites\/6\/2025\/01\/Banniere-Vente-privee-1-768x384.png 768w, https:\/\/concess.transport-manager.net\/vdi\/wp-content\/uploads\/sites\/6\/2025\/01\/Banniere-Vente-privee-1-1536x768.png 1536w, https:\/\/concess.transport-manager.net\/vdi\/wp-content\/uploads\/sites\/6\/2025\/01\/Banniere-Vente-privee-1-2048x1024.png 2048w, https:\/\/concess.transport-manager.net\/vdi\/wp-content\/uploads\/sites\/6\/2025\/01\/Banniere-Vente-privee-1-1200x600.png 1200w, https:\/\/concess.transport-manager.net\/vdi\/wp-content\/uploads\/sites\/6\/2025\/01\/Banniere-Vente-privee-1-1980x990.png 1980w\" sizes=\"auto, (max-width: 1024px) 100vw, 1024px\" \/><\/figure>\n\n\n\n<figure class=\"wp-block-image size-large\"><img loading=\"lazy\" decoding=\"async\" width=\"1024\" height=\"512\" src=\"https:\/\/concess.transport-manager.net\/vdi\/wp-content\/uploads\/sites\/6\/2025\/01\/Banniere-prolongationlocation-1024x512.png\" alt=\"\" class=\"wp-image-3338\" srcset=\"https:\/\/concess.transport-manager.net\/vdi\/wp-content\/uploads\/sites\/6\/2025\/01\/Banniere-prolongationlocation-1024x512.png 1024w, https:\/\/concess.transport-manager.net\/vdi\/wp-content\/uploads\/sites\/6\/2025\/01\/Banniere-prolongationlocation-300x150.png 300w, https:\/\/concess.transport-manager.net\/vdi\/wp-content\/uploads\/sites\/6\/2025\/01\/Banniere-prolongationlocation-768x384.png 768w, https:\/\/concess.transport-manager.net\/vdi\/wp-content\/uploads\/sites\/6\/2025\/01\/Banniere-prolongationlocation-1536x768.png 1536w, https:\/\/concess.transport-manager.net\/vdi\/wp-content\/uploads\/sites\/6\/2025\/01\/Banniere-prolongationlocation-2048x1024.png 2048w, https:\/\/concess.transport-manager.net\/vdi\/wp-content\/uploads\/sites\/6\/2025\/01\/Banniere-prolongationlocation-1200x600.png 1200w, https:\/\/concess.transport-manager.net\/vdi\/wp-content\/uploads\/sites\/6\/2025\/01\/Banniere-prolongationlocation-1980x990.png 1980w\" sizes=\"auto, (max-width: 1024px) 100vw, 1024px\" \/><\/figure>\n\n\n\n<figure class=\"wp-block-image size-large\"><img loading=\"lazy\" decoding=\"async\" width=\"1024\" height=\"512\" src=\"https:\/\/concess.transport-manager.net\/vdi\/wp-content\/uploads\/sites\/6\/2025\/01\/Banniere-location-avantage-star-1-1024x512.png\" alt=\"\" class=\"wp-image-3336\" srcset=\"https:\/\/concess.transport-manager.net\/vdi\/wp-content\/uploads\/sites\/6\/2025\/01\/Banniere-location-avantage-star-1-1024x512.png 1024w, https:\/\/concess.transport-manager.net\/vdi\/wp-content\/uploads\/sites\/6\/2025\/01\/Banniere-location-avantage-star-1-300x150.png 300w, https:\/\/concess.transport-manager.net\/vdi\/wp-content\/uploads\/sites\/6\/2025\/01\/Banniere-location-avantage-star-1-768x384.png 768w, https:\/\/concess.transport-manager.net\/vdi\/wp-content\/uploads\/sites\/6\/2025\/01\/Banniere-location-avantage-star-1-1536x768.png 1536w, https:\/\/concess.transport-manager.net\/vdi\/wp-content\/uploads\/sites\/6\/2025\/01\/Banniere-location-avantage-star-1-2048x1024.png 2048w, https:\/\/concess.transport-manager.net\/vdi\/wp-content\/uploads\/sites\/6\/2025\/01\/Banniere-location-avantage-star-1-1200x600.png 1200w, https:\/\/concess.transport-manager.net\/vdi\/wp-content\/uploads\/sites\/6\/2025\/01\/Banniere-location-avantage-star-1-1980x990.png 1980w\" sizes=\"auto, (max-width: 1024px) 100vw, 1024px\" \/><\/figure>\n\n\n\n<figure class=\"wp-block-image size-large\"><img loading=\"lazy\" decoding=\"async\" width=\"1024\" height=\"512\" src=\"https:\/\/concess.transport-manager.net\/vdi\/wp-content\/uploads\/sites\/6\/2025\/01\/Banniere-Service-amis-Star-1024x512.png\" alt=\"\" class=\"wp-image-3337\" srcset=\"https:\/\/concess.transport-manager.net\/vdi\/wp-content\/uploads\/sites\/6\/2025\/01\/Banniere-Service-amis-Star-1024x512.png 1024w, https:\/\/concess.transport-manager.net\/vdi\/wp-content\/uploads\/sites\/6\/2025\/01\/Banniere-Service-amis-Star-300x150.png 300w, https:\/\/concess.transport-manager.net\/vdi\/wp-content\/uploads\/sites\/6\/2025\/01\/Banniere-Service-amis-Star-768x384.png 768w, https:\/\/concess.transport-manager.net\/vdi\/wp-content\/uploads\/sites\/6\/2025\/01\/Banniere-Service-amis-Star-1536x768.png 1536w, https:\/\/concess.transport-manager.net\/vdi\/wp-content\/uploads\/sites\/6\/2025\/01\/Banniere-Service-amis-Star-2048x1024.png 2048w, https:\/\/concess.transport-manager.net\/vdi\/wp-content\/uploads\/sites\/6\/2025\/01\/Banniere-Service-amis-Star-1200x600.png 1200w, https:\/\/concess.transport-manager.net\/vdi\/wp-content\/uploads\/sites\/6\/2025\/01\/Banniere-Service-amis-Star-1980x990.png 1980w\" sizes=\"auto, (max-width: 1024px) 100vw, 1024px\" \/><\/figure>\n\n\n\n<figure class=\"wp-block-image size-large\"><img loading=\"lazy\" decoding=\"async\" width=\"1024\" height=\"512\" src=\"https:\/\/concess.transport-manager.net\/vdi\/wp-content\/uploads\/sites\/6\/2025\/01\/Banniere-garantie-etendue-1024x512.png\" alt=\"\" class=\"wp-image-3339\" srcset=\"https:\/\/concess.transport-manager.net\/vdi\/wp-content\/uploads\/sites\/6\/2025\/01\/Banniere-garantie-etendue-1024x512.png 1024w, https:\/\/concess.transport-manager.net\/vdi\/wp-content\/uploads\/sites\/6\/2025\/01\/Banniere-garantie-etendue-300x150.png 300w, https:\/\/concess.transport-manager.net\/vdi\/wp-content\/uploads\/sites\/6\/2025\/01\/Banniere-garantie-etendue-768x384.png 768w, https:\/\/concess.transport-manager.net\/vdi\/wp-content\/uploads\/sites\/6\/2025\/01\/Banniere-garantie-etendue-1536x768.png 1536w, https:\/\/concess.transport-manager.net\/vdi\/wp-content\/uploads\/sites\/6\/2025\/01\/Banniere-garantie-etendue-2048x1024.png 2048w, https:\/\/concess.transport-manager.net\/vdi\/wp-content\/uploads\/sites\/6\/2025\/01\/Banniere-garantie-etendue-1200x600.png 1200w, https:\/\/concess.transport-manager.net\/vdi\/wp-content\/uploads\/sites\/6\/2025\/01\/Banniere-garantie-etendue-1980x990.png 1980w\" sizes=\"auto, (max-width: 1024px) 100vw, 1024px\" \/><\/figure>\n\n\n\n<figure class=\"wp-block-image size-large\"><img loading=\"lazy\" decoding=\"async\" width=\"1024\" height=\"512\" src=\"https:\/\/concess.transport-manager.net\/vdi\/wp-content\/uploads\/sites\/6\/2025\/01\/Banniere-Remises-exclusives-1024x512.png\" alt=\"\" class=\"wp-image-3340\" srcset=\"https:\/\/concess.transport-manager.net\/vdi\/wp-content\/uploads\/sites\/6\/2025\/01\/Banniere-Remises-exclusives-1024x512.png 1024w, https:\/\/concess.transport-manager.net\/vdi\/wp-content\/uploads\/sites\/6\/2025\/01\/Banniere-Remises-exclusives-300x150.png 300w, https:\/\/concess.transport-manager.net\/vdi\/wp-content\/uploads\/sites\/6\/2025\/01\/Banniere-Remises-exclusives-768x384.png 768w, https:\/\/concess.transport-manager.net\/vdi\/wp-content\/uploads\/sites\/6\/2025\/01\/Banniere-Remises-exclusives-1536x768.png 1536w, https:\/\/concess.transport-manager.net\/vdi\/wp-content\/uploads\/sites\/6\/2025\/01\/Banniere-Remises-exclusives-2048x1024.png 2048w, https:\/\/concess.transport-manager.net\/vdi\/wp-content\/uploads\/sites\/6\/2025\/01\/Banniere-Remises-exclusives-1200x600.png 1200w, https:\/\/concess.transport-manager.net\/vdi\/wp-content\/uploads\/sites\/6\/2025\/01\/Banniere-Remises-exclusives-1980x990.png 1980w\" sizes=\"auto, (max-width: 1024px) 100vw, 1024px\" \/><\/figure>\n\n\n\n<figure class=\"wp-block-image size-large\"><img loading=\"lazy\" decoding=\"async\" width=\"1024\" height=\"512\" src=\"https:\/\/concess.transport-manager.net\/vdi\/wp-content\/uploads\/sites\/6\/2025\/01\/Banniere-codes-promos-star-1024x512.png\" alt=\"\" class=\"wp-image-3341\" srcset=\"https:\/\/concess.transport-manager.net\/vdi\/wp-content\/uploads\/sites\/6\/2025\/01\/Banniere-codes-promos-star-1024x512.png 1024w, https:\/\/concess.transport-manager.net\/vdi\/wp-content\/uploads\/sites\/6\/2025\/01\/Banniere-codes-promos-star-300x150.png 300w, https:\/\/concess.transport-manager.net\/vdi\/wp-content\/uploads\/sites\/6\/2025\/01\/Banniere-codes-promos-star-768x384.png 768w, https:\/\/concess.transport-manager.net\/vdi\/wp-content\/uploads\/sites\/6\/2025\/01\/Banniere-codes-promos-star-1536x768.png 1536w, https:\/\/concess.transport-manager.net\/vdi\/wp-content\/uploads\/sites\/6\/2025\/01\/Banniere-codes-promos-star-2048x1024.png 2048w, https:\/\/concess.transport-manager.net\/vdi\/wp-content\/uploads\/sites\/6\/2025\/01\/Banniere-codes-promos-star-1200x600.png 1200w, https:\/\/concess.transport-manager.net\/vdi\/wp-content\/uploads\/sites\/6\/2025\/01\/Banniere-codes-promos-star-1980x990.png 1980w\" sizes=\"auto, (max-width: 1024px) 100vw, 1024px\" \/><\/figure>\n\n\n\n<h2 class=\"wp-block-heading\">Tout les d\u00e9tails dans un document :<\/h2>\n\n\n\n<div data-wp-interactive=\"core\/file\" class=\"wp-block-file\"><object data-wp-bind--hidden=\"!state.hasPdfPreview\" hidden class=\"wp-block-file__embed\" data=\"https:\/\/concess.transport-manager.net\/vdi\/wp-content\/uploads\/sites\/6\/2025\/02\/INFOLEGVDISTAR-2.pdf\" type=\"application\/pdf\" style=\"width:100%;height:600px\" aria-label=\"Contenu embarqu\u00e9 INFOLEGVDISTAR.\"><\/object><a id=\"wp-block-file--media-75726e68-c195-4af4-8dd5-d54b5664bec8\" href=\"https:\/\/concess.transport-manager.net\/vdi\/wp-content\/uploads\/sites\/6\/2025\/02\/INFOLEGVDISTAR-2.pdf\">INFOLEGVDISTAR<\/a><a href=\"https:\/\/concess.transport-manager.net\/vdi\/wp-content\/uploads\/sites\/6\/2025\/02\/INFOLEGVDISTAR-2.pdf\" class=\"wp-block-file__button wp-element-button\" download aria-describedby=\"wp-block-file--media-75726e68-c195-4af4-8dd5-d54b5664bec8\">T\u00e9l\u00e9charger<\/a><\/div>\n","protected":false},"excerpt":{"rendered":"<p>Les avantages du club VDI STAR : Abonnez vous via ce lien ! Pour utiliser la promo amis, indiquer le pseudo de votre amis abonn\u00e9 dans le formulaire. Celui ci sera alors contact\u00e9 pour valider la promo. Quelques d\u00e9tails : Tout les d\u00e9tails dans un document :<\/p>\n","protected":false},"author":28,"featured_media":0,"parent":0,"menu_order":0,"comment_status":"closed","ping_status":"closed","template":"","meta":{"footnotes":""},"class_list":["post-3239","page","type-page","status-publish","hentry"],"_links":{"self":[{"href":"https:\/\/concess.transport-manager.net\/vdi\/wp-json\/wp\/v2\/pages\/3239","targetHints":{"allow":["GET"]}}],"collection":[{"href":"https:\/\/concess.transport-manager.net\/vdi\/wp-json\/wp\/v2\/pages"}],"about":[{"href":"https:\/\/concess.transport-manager.net\/vdi\/wp-json\/wp\/v2\/types\/page"}],"author":[{"embeddable":true,"href":"https:\/\/concess.transport-manager.net\/vdi\/wp-json\/wp\/v2\/users\/28"}],"replies":[{"embeddable":true,"href":"https:\/\/concess.transport-manager.net\/vdi\/wp-json\/wp\/v2\/comments?post=3239"}],"version-history":[{"count":12,"href":"https:\/\/concess.transport-manager.net\/vdi\/wp-json\/wp\/v2\/pages\/3239\/revisions"}],"predecessor-version":[{"id":3461,"href":"https:\/\/concess.transport-manager.net\/vdi\/wp-json\/wp\/v2\/pages\/3239\/revisions\/3461"}],"wp:attachment":[{"href":"https:\/\/concess.transport-manager.net\/vdi\/wp-json\/wp\/v2\/media?parent=3239"}],"curies":[{"name":"wp","href":"https:\/\/api.w.org\/{rel}","templated":true}]}}