{"id":3934,"date":"2026-03-03T00:35:01","date_gmt":"2026-03-02T23:35:01","guid":{"rendered":"https:\/\/concess.transport-manager.net\/vdi\/?page_id=3934"},"modified":"2026-03-03T00:35:03","modified_gmt":"2026-03-02T23:35:03","slug":"tarification","status":"publish","type":"page","link":"https:\/\/concess.transport-manager.net\/vdi\/tarification\/","title":{"rendered":"Tarification"},"content":{"rendered":"\n<p>L&rsquo;immatriculation et le contr\u00f4le technique est toujours inclus dans le prix finale pour tous gratuitement.<\/p>\n\n\n\n<p>Toutes les options qui ne se trouvent pas dans ce document ne peuvent pas \u00eatre install\u00e9 par la concession mis \u00e0 part l&rsquo;\u00e9thylotest qui est gratuit pour les cars et LE.<\/p>\n\n\n\n<h2 class=\"wp-block-heading\">les girouettes :<\/h2>\n\n\n\n<figure class=\"wp-block-table alignwide\"><table class=\"has-fixed-layout\"><tbody><tr><td><\/td><td class=\"has-text-align-center\" data-align=\"center\">Avant<\/td><td class=\"has-text-align-center\" data-align=\"center\">Lat\u00e9rale<\/td><td class=\"has-text-align-center\" data-align=\"center\">Arri\u00e8re<\/td><\/tr><tr><td><strong>Plaque<\/strong><\/td><td class=\"has-text-align-center\" data-align=\"center\">\/<\/td><td class=\"has-text-align-center\" data-align=\"center\">35\u20ac<\/td><td class=\"has-text-align-center\" data-align=\"center\">\/<\/td><\/tr><tr><td><strong>Film<\/strong><\/td><td class=\"has-text-align-center\" data-align=\"center\">0\u20ac<\/td><td class=\"has-text-align-center\" data-align=\"center\">50\u20ac<\/td><td class=\"has-text-align-center\" data-align=\"center\">25\u20ac<\/td><\/tr><tr><td><strong>Pastilles<\/strong><\/td><td class=\"has-text-align-center\" data-align=\"center\">295\u20ac<\/td><td class=\"has-text-align-center\" data-align=\"center\">120\u20ac<\/td><td class=\"has-text-align-center\" data-align=\"center\">70\u20ac<\/td><\/tr><tr><td><strong>Bi-mode<\/strong><\/td><td class=\"has-text-align-center\" data-align=\"center\">365\u20ac<\/td><td class=\"has-text-align-center\" data-align=\"center\">185\u20ac<\/td><td class=\"has-text-align-center\" data-align=\"center\">120\u20ac<\/td><\/tr><tr><td><strong>Diodes<\/strong><\/td><td class=\"has-text-align-center\" data-align=\"center\">390\u20ac<\/td><td class=\"has-text-align-center\" data-align=\"center\">195\u20ac<\/td><td class=\"has-text-align-center\" data-align=\"center\">245\u20ac<\/td><\/tr><tr><td><strong>Diodes blanches<\/strong><\/td><td class=\"has-text-align-center\" data-align=\"center\">539\u20ac<\/td><td class=\"has-text-align-center\" data-align=\"center\">365\u20ac<\/td><td class=\"has-text-align-center\" data-align=\"center\">320\u20ac<\/td><\/tr><tr><td><strong>Diodes couleurs<\/strong><\/td><td class=\"has-text-align-center\" data-align=\"center\">635\u20ac<\/td><td class=\"has-text-align-center\" data-align=\"center\">465\u20ac<\/td><td class=\"has-text-align-center\" data-align=\"center\">390\u20ac<\/td><\/tr><tr><td><strong>Diodes couleurs blanches<\/strong><\/td><td class=\"has-text-align-center\" data-align=\"center\">833\u20ac<\/td><td class=\"has-text-align-center\" data-align=\"center\">588\u20ac<\/td><td class=\"has-text-align-center\" data-align=\"center\">490\u20ac<\/td><\/tr><\/tbody><\/table><\/figure>\n\n\n\n<h2 class=\"wp-block-heading\">les options d&rsquo;usine :<\/h2>\n\n\n\n<figure class=\"wp-block-table alignwide\"><table class=\"has-fixed-layout\"><tbody><tr><td>Option<\/td><td class=\"has-text-align-center\" data-align=\"center\">Prix<\/td><\/tr><tr><td>Porte suppl\u00e9mentaire (en fonction des mod\u00e8les)<\/td><td class=\"has-text-align-center\" data-align=\"center\">2450\u20ac (standard) &#8211; 3200\u20ac (articul\u00e9)<\/td><\/tr><tr><td>Porte \u00e9lectrique (pneumatique gratuit) <\/td><td class=\"has-text-align-center\" data-align=\"center\">95\u20ac<\/td><\/tr><tr><td>Plateforme r\u00e9tractable \u00e9l\u00e9ctrique<\/td><td class=\"has-text-align-center\" data-align=\"center\">2205\u20ac<\/td><\/tr><tr><td>Climatisation int\u00e9grale<\/td><td class=\"has-text-align-center\" data-align=\"center\">4410\u20ac<\/td><\/tr><tr><td>Climatisation poste de conduite<\/td><td class=\"has-text-align-center\" data-align=\"center\">2695\u20ac<\/td><\/tr><tr><td>ventilation renforc\u00e9e<\/td><td class=\"has-text-align-center\" data-align=\"center\">1470\u20ac<\/td><\/tr><tr><td>Baie basse (sur bus disponible)<\/td><td class=\"has-text-align-center\" data-align=\"center\">3820\u20ac<\/td><\/tr><tr><td>Vitre anti agression<\/td><td class=\"has-text-align-center\" data-align=\"center\">2000\u20ac<\/td><\/tr><tr><td>Vitre teint\u00e9<\/td><td class=\"has-text-align-center\" data-align=\"center\">2725\u20ac<\/td><\/tr><tr><td>Pr\u00e9-cablage self-service<\/td><td class=\"has-text-align-center\" data-align=\"center\">1750\u20ac<\/td><\/tr><tr><td><\/td><td class=\"has-text-align-center\" data-align=\"center\"><\/td><\/tr><\/tbody><\/table><\/figure>\n\n\n\n<h2 class=\"wp-block-heading\">les options d&rsquo;atelier<\/h2>\n\n\n\n<figure class=\"wp-block-table alignwide\"><table class=\"has-fixed-layout\"><tbody><tr><td>Option<\/td><td class=\"has-text-align-center\" data-align=\"center\">Prix<\/td><\/tr><tr><td>Pub avant<\/td><td class=\"has-text-align-center\" data-align=\"center\">1500\u20ac<\/td><\/tr><tr><td>Pub Lat\u00e9rale<\/td><td class=\"has-text-align-center\" data-align=\"center\">1000\u20ac<\/td><\/tr><tr><td>Pub arri\u00e8re<\/td><td class=\"has-text-align-center\" data-align=\"center\">1000\u20ac<\/td><\/tr><tr><td>Radio FM<\/td><td class=\"has-text-align-center\" data-align=\"center\">350\u20ac<\/td><\/tr><\/tbody><\/table><\/figure>\n","protected":false},"excerpt":{"rendered":"<p>L&rsquo;immatriculation et le contr\u00f4le technique est toujours inclus dans le prix finale pour tous gratuitement. Toutes les options qui ne se trouvent pas dans ce document ne peuvent pas \u00eatre install\u00e9 par la concession mis \u00e0 part l&rsquo;\u00e9thylotest qui est gratuit pour les cars et LE. les girouettes : Avant Lat\u00e9rale Arri\u00e8re Plaque \/ 35\u20ac [&hellip;]<\/p>\n","protected":false},"author":28,"featured_media":0,"parent":0,"menu_order":0,"comment_status":"closed","ping_status":"closed","template":"","meta":{"footnotes":""},"class_list":["post-3934","page","type-page","status-publish","hentry"],"_links":{"self":[{"href":"https:\/\/concess.transport-manager.net\/vdi\/wp-json\/wp\/v2\/pages\/3934","targetHints":{"allow":["GET"]}}],"collection":[{"href":"https:\/\/concess.transport-manager.net\/vdi\/wp-json\/wp\/v2\/pages"}],"about":[{"href":"https:\/\/concess.transport-manager.net\/vdi\/wp-json\/wp\/v2\/types\/page"}],"author":[{"embeddable":true,"href":"https:\/\/concess.transport-manager.net\/vdi\/wp-json\/wp\/v2\/users\/28"}],"replies":[{"embeddable":true,"href":"https:\/\/concess.transport-manager.net\/vdi\/wp-json\/wp\/v2\/comments?post=3934"}],"version-history":[{"count":1,"href":"https:\/\/concess.transport-manager.net\/vdi\/wp-json\/wp\/v2\/pages\/3934\/revisions"}],"predecessor-version":[{"id":3935,"href":"https:\/\/concess.transport-manager.net\/vdi\/wp-json\/wp\/v2\/pages\/3934\/revisions\/3935"}],"wp:attachment":[{"href":"https:\/\/concess.transport-manager.net\/vdi\/wp-json\/wp\/v2\/media?parent=3934"}],"curies":[{"name":"wp","href":"https:\/\/api.w.org\/{rel}","templated":true}]}}