{"id":3959,"date":"2026-03-21T07:36:05","date_gmt":"2026-03-21T06:36:05","guid":{"rendered":"https:\/\/concess.transport-manager.net\/vdi\/?page_id=3959"},"modified":"2026-03-21T12:09:43","modified_gmt":"2026-03-21T11:09:43","slug":"mega-tombola-des-5-ans-vdi","status":"publish","type":"page","link":"https:\/\/concess.transport-manager.net\/vdi\/mega-tombola-des-5-ans-vdi\/","title":{"rendered":"MEGA TOMBOLA DES 5 ANS VDI !"},"content":{"rendered":"\n<figure class=\"wp-block-image alignfull size-large\"><img loading=\"lazy\" decoding=\"async\" width=\"1024\" height=\"331\" src=\"https:\/\/concess.transport-manager.net\/vdi\/wp-content\/uploads\/sites\/6\/2026\/03\/Blanc-Grille-avec-Moderne-Abstrait-Formes-Tombola-Billet-1-1024x331.png\" alt=\"\" class=\"wp-image-3960\" srcset=\"https:\/\/concess.transport-manager.net\/vdi\/wp-content\/uploads\/sites\/6\/2026\/03\/Blanc-Grille-avec-Moderne-Abstrait-Formes-Tombola-Billet-1-1024x331.png 1024w, https:\/\/concess.transport-manager.net\/vdi\/wp-content\/uploads\/sites\/6\/2026\/03\/Blanc-Grille-avec-Moderne-Abstrait-Formes-Tombola-Billet-1-300x97.png 300w, https:\/\/concess.transport-manager.net\/vdi\/wp-content\/uploads\/sites\/6\/2026\/03\/Blanc-Grille-avec-Moderne-Abstrait-Formes-Tombola-Billet-1-768x248.png 768w, https:\/\/concess.transport-manager.net\/vdi\/wp-content\/uploads\/sites\/6\/2026\/03\/Blanc-Grille-avec-Moderne-Abstrait-Formes-Tombola-Billet-1-1536x497.png 1536w, https:\/\/concess.transport-manager.net\/vdi\/wp-content\/uploads\/sites\/6\/2026\/03\/Blanc-Grille-avec-Moderne-Abstrait-Formes-Tombola-Billet-1-1200x388.png 1200w, https:\/\/concess.transport-manager.net\/vdi\/wp-content\/uploads\/sites\/6\/2026\/03\/Blanc-Grille-avec-Moderne-Abstrait-Formes-Tombola-Billet-1-1980x641.png 1980w, https:\/\/concess.transport-manager.net\/vdi\/wp-content\/uploads\/sites\/6\/2026\/03\/Blanc-Grille-avec-Moderne-Abstrait-Formes-Tombola-Billet-1.png 2000w\" sizes=\"auto, (max-width: 1024px) 100vw, 1024px\" \/><\/figure>\n\n\n\n<p>Nous avons le plaisir de vous annoncer le lancement de la <strong>MEGA TOMBOLA<\/strong> pour c\u00e9l\u00e9brer ensemble les <strong>5 ans d&rsquo;existence de VDI<\/strong> et <strong>notre premi\u00e8re ann\u00e9e de renouveau<\/strong> C&rsquo;est l&rsquo;occasion de vous remercier pour votre fid\u00e9lit\u00e9 et de marquer le coup avec des cadeaux exceptionnels !<\/p>\n\n\n\n<div class=\"wp-block-buttons is-content-justification-center is-layout-flex wp-container-core-buttons-is-layout-16018d1d wp-block-buttons-is-layout-flex\">\n<div class=\"wp-block-button\"><a class=\"wp-block-button__link wp-element-button\" href=\"https:\/\/forms.gle\/kkPdpzGyfVUiwiyv5\">Acheter vos tickets<\/a><\/div>\n\n\n\n<div class=\"wp-block-button\"><a class=\"wp-block-button__link wp-element-button\" href=\"https:\/\/concess.transport-manager.net\/vdi\/les-lots-de-la-tombola-2025\/\">Voir les lots en jeu<\/a><\/div>\n<\/div>\n\n\n\n<h2 class=\"wp-block-heading\"><strong>COMMENT PARTICIPER ?<\/strong><\/h2>\n\n\n\n<ul class=\"wp-block-list\">\n<li>Les billets seront disponibles <strong>du 21 Mars (12h) au 06 Avril<\/strong> (19h) inclus ! Ne tardez pas !<\/li>\n\n\n\n<li>Chaque billet est au prix de <strong>15.000 \u20ac (pr\u00e9l\u00e8vement direct)<\/strong><\/li>\n\n\n\n<li>Pour que chacun ait sa chance, la participation est limit\u00e9e \u00e0 <strong>5 tickets maximum par personne<\/strong>.<\/li>\n<\/ul>\n\n\n\n<h2 class=\"wp-block-heading\"><strong>OFFRE SP\u00c9CIALE MEMBRES CLUB<\/strong> <\/h2>\n\n\n\n<p>Vous \u00eates membre du Club ? On vous g\u00e2te !<\/p>\n\n\n\n<ul class=\"wp-block-list\">\n<li>Pour l&rsquo;achat de votre premier ticket, nous vous <strong>OFFRONS le deuxi\u00e8me ticket !<\/strong><\/li>\n\n\n\n<li>Vous pouvez ensuite acheter <strong>jusqu&rsquo;\u00e0 3 tickets suppl\u00e9mentaires<\/strong>.<\/li>\n\n\n\n<li><em>Soit un maximum de 5 tickets pour le prix de 4 !<\/em> (4 pay\u00e9s + 1 gratuit)<\/li>\n<\/ul>\n\n\n\n<p>&#8212;<\/p>\n\n\n\n<h2 class=\"wp-block-heading\"><strong>\u00c0 GAGNER : DES LOTS DE FOU !<\/strong><\/h2>\n\n\n\n<p>Nous avons pr\u00e9par\u00e9 des r\u00e9compenses incroyables pour c\u00e9l\u00e9brer nos 5 ans. Vous ne regretterez pas vos tickets ! Entre bus et bon d\u2019achat, vous aurez de quoi vous faire plaisir ! &#8212;<\/p>\n\n\n\n<h2 class=\"wp-block-heading\"><strong>RAPPEL DES R\u00c8GLES<\/strong> <\/h2>\n\n\n\n<ol start=\"1\" class=\"wp-block-list\">\n<li>La p\u00e9riode de vente se termine le <strong>06 Avril 19h<\/strong>. Apr\u00e8s cette date, plus aucun billet ne sera vendu.<\/li>\n\n\n\n<li>Le tirage au sort aura lieu le 06 avril \u00e0 20h sur discord !<\/li>\n\n\n\n<li>Vous ne pouvez pas donner des tickets \u00e0 un autre joueur<\/li>\n\n\n\n<li>Vous ne pouvez pas payer un ticket avec un bon d&rsquo;achat, uniquement avec un pr\u00e9l\u00e8vement direct sur votre compte joueur.<\/li>\n\n\n\n<li>Les lots seront au fur et \u00e0 mesure d\u00e9voil\u00e9 sur notre Site Web !<\/li>\n<\/ol>\n\n\n\n<p>&#8212;<\/p>\n\n\n\n<h2 class=\"wp-block-heading\"><strong>REJOIGNEZ LA F\u00caTE !<\/strong><\/h2>\n\n\n\n<p>Pour acheter vos billets, rendez-vous sur notre site ! <a href=\"https:\/\/forms.gle\/kkPdpzGyfVUiwiyv5\">https:\/\/forms.gle\/kkPdpzGyfVUiwiyv5<\/a><\/p>\n\n\n\n<p> Bonne chance \u00e0 toutes et \u00e0 tous !<\/p>\n\n\n\n<p> L&rsquo;\u00e9quipe VDI <img decoding=\"async\" src=\"https:\/\/discord.com\/assets\/1f8ac1eb4350eff0.svg\" alt=\"\ud83d\udc9c\"><\/p>\n","protected":false},"excerpt":{"rendered":"<p>Nous avons le plaisir de vous annoncer le lancement de la MEGA TOMBOLA pour c\u00e9l\u00e9brer ensemble les 5 ans d&rsquo;existence de VDI et notre premi\u00e8re ann\u00e9e de renouveau C&rsquo;est l&rsquo;occasion de vous remercier pour votre fid\u00e9lit\u00e9 et de marquer le coup avec des cadeaux exceptionnels ! COMMENT PARTICIPER ? OFFRE SP\u00c9CIALE MEMBRES CLUB Vous \u00eates [&hellip;]<\/p>\n","protected":false},"author":28,"featured_media":0,"parent":0,"menu_order":0,"comment_status":"closed","ping_status":"closed","template":"","meta":{"footnotes":""},"class_list":["post-3959","page","type-page","status-publish","hentry"],"_links":{"self":[{"href":"https:\/\/concess.transport-manager.net\/vdi\/wp-json\/wp\/v2\/pages\/3959","targetHints":{"allow":["GET"]}}],"collection":[{"href":"https:\/\/concess.transport-manager.net\/vdi\/wp-json\/wp\/v2\/pages"}],"about":[{"href":"https:\/\/concess.transport-manager.net\/vdi\/wp-json\/wp\/v2\/types\/page"}],"author":[{"embeddable":true,"href":"https:\/\/concess.transport-manager.net\/vdi\/wp-json\/wp\/v2\/users\/28"}],"replies":[{"embeddable":true,"href":"https:\/\/concess.transport-manager.net\/vdi\/wp-json\/wp\/v2\/comments?post=3959"}],"version-history":[{"count":2,"href":"https:\/\/concess.transport-manager.net\/vdi\/wp-json\/wp\/v2\/pages\/3959\/revisions"}],"predecessor-version":[{"id":3964,"href":"https:\/\/concess.transport-manager.net\/vdi\/wp-json\/wp\/v2\/pages\/3959\/revisions\/3964"}],"wp:attachment":[{"href":"https:\/\/concess.transport-manager.net\/vdi\/wp-json\/wp\/v2\/media?parent=3959"}],"curies":[{"name":"wp","href":"https:\/\/api.w.org\/{rel}","templated":true}]}}