{"id":3962,"date":"2026-03-21T07:35:59","date_gmt":"2026-03-21T06:35:59","guid":{"rendered":"https:\/\/concess.transport-manager.net\/vdi\/?page_id=3962"},"modified":"2026-04-06T20:15:36","modified_gmt":"2026-04-06T18:15:36","slug":"les-lots-de-la-tombola-2025","status":"publish","type":"page","link":"https:\/\/concess.transport-manager.net\/vdi\/les-lots-de-la-tombola-2025\/","title":{"rendered":"Les lots de la tombola 2026 !"},"content":{"rendered":"\n<p>L&rsquo;\u00e9quipe VDI vous d\u00e9voilera les lots petit \u00e0 petit sur cette page alors restez connect\u00e9 !<\/p>\n\n\n\n<blockquote class=\"wp-block-quote is-layout-flow wp-block-quote-is-layout-flow\">\n<p>Update 22\/03\/2026 : Nous d\u00e9voilons les lots N\u00b06 et 7 ! A savoir que chaque lot \u00e0 une valeur qui est de plus en plus \u00e9lev\u00e9 ! Stay Tuned pour les lots \u00e0 plus grande valeur !<\/p>\n\n\n\n<p>Update 28\/03\/2026 : Nous d\u00e9voilons les lots N\u00b04, 5 et 8 ! Les prochains lots seront d\u00e9voil\u00e9 tr\u00e8s bient\u00f4t ! Tirage au sort le 6 avril !<\/p>\n\n\n\n<p>Update 04\/04\/2026 : C&rsquo;est bient\u00f4t la cloture de la vente des tickets et nous venons de d\u00e9voiler les derniers lots en jeux ! Nous esp\u00e9rons avoir \u00e9t\u00e9 \u00e0 la hauteur de vos attentes.<\/p>\n<\/blockquote>\n\n\n\n<p><strong>Passons aux choses s\u00e9rieuses !<\/strong> Voici, en vid\u00e9o, les r\u00e9sultats du tirage au sort effectu\u00e9 aujourd\u2019hui dans les bureaux de VDI : (vid\u00e9o \u00e0 retrouver sur discord)<\/p>\n\n\n\n<p>F\u00e9licitation \u00e0 :<\/p>\n\n\n\n<ul class=\"wp-block-list\">\n<li>Vincent_85000 qui remporte un abonnement au Club VDI Star !<\/li>\n\n\n\n<li>Neymar38 qui remporte un plein gratuit !<\/li>\n\n\n\n<li>Mathithieu qui remporte un bon de 125.000\u20ac !<\/li>\n\n\n\n<li>Marco qui remporte un VDL Midcity !<\/li>\n\n\n\n<li>Ethantoine qui remporte un bon de 200.000\u20ac !<\/li>\n\n\n\n<li>Kekegrinchy qui remporte un bus d\u2019occasion de son choix !<\/li>\n\n\n\n<li>Axurit qui remporte un VDL Citea SLF 120 !<\/li>\n\n\n\n<li>Cosmo notre grand gagnant qui remporte un VDL Citea SLFA 180 !<\/li>\n<\/ul>\n\n\n\n<figure class=\"wp-block-image size-large\"><img decoding=\"async\" src=\"https:\/\/zupimages.net\/up\/26\/14\/aayo.png\" alt=\"\" \/><\/figure>\n\n\n\n<figure class=\"wp-block-image size-large\"><img decoding=\"async\" src=\"https:\/\/zupimages.net\/up\/26\/14\/qg59.png\" alt=\"\" \/><\/figure>\n\n\n\n<figure class=\"wp-block-image size-large\"><img decoding=\"async\" src=\"https:\/\/zupimages.net\/up\/26\/14\/r4xa.png\" alt=\"\" \/><\/figure>\n\n\n\n<figure class=\"wp-block-image size-large\"><img decoding=\"async\" src=\"https:\/\/zupimages.net\/up\/26\/13\/emzo.png\" alt=\"\" \/><\/figure>\n\n\n\n<figure class=\"wp-block-image size-large\"><img decoding=\"async\" src=\"https:\/\/zupimages.net\/up\/26\/13\/tqzx.png\" alt=\"\" \/><\/figure>\n\n\n\n<figure class=\"wp-block-image size-large\"><img decoding=\"async\" src=\"https:\/\/zupimages.net\/up\/26\/12\/z863.png\" alt=\"\" \/><\/figure>\n\n\n\n<figure class=\"wp-block-image size-large\"><img decoding=\"async\" src=\"https:\/\/zupimages.net\/up\/26\/12\/o7pq.png\" alt=\"\" \/><\/figure>\n\n\n\n<figure class=\"wp-block-image size-large\"><img decoding=\"async\" src=\"https:\/\/zupimages.net\/up\/26\/13\/n6m5.png\" alt=\"\" \/><\/figure>\n","protected":false},"excerpt":{"rendered":"<p>L&rsquo;\u00e9quipe VDI vous d\u00e9voilera les lots petit \u00e0 petit sur cette page alors restez connect\u00e9 ! Update 22\/03\/2026 : Nous d\u00e9voilons les lots N\u00b06 et 7 ! A savoir que chaque lot \u00e0 une valeur qui est de plus en plus \u00e9lev\u00e9 ! Stay Tuned pour les lots \u00e0 plus grande valeur ! Update 28\/03\/2026 [&hellip;]<\/p>\n","protected":false},"author":28,"featured_media":0,"parent":0,"menu_order":0,"comment_status":"closed","ping_status":"closed","template":"","meta":{"footnotes":""},"class_list":["post-3962","page","type-page","status-publish","hentry"],"_links":{"self":[{"href":"https:\/\/concess.transport-manager.net\/vdi\/wp-json\/wp\/v2\/pages\/3962","targetHints":{"allow":["GET"]}}],"collection":[{"href":"https:\/\/concess.transport-manager.net\/vdi\/wp-json\/wp\/v2\/pages"}],"about":[{"href":"https:\/\/concess.transport-manager.net\/vdi\/wp-json\/wp\/v2\/types\/page"}],"author":[{"embeddable":true,"href":"https:\/\/concess.transport-manager.net\/vdi\/wp-json\/wp\/v2\/users\/28"}],"replies":[{"embeddable":true,"href":"https:\/\/concess.transport-manager.net\/vdi\/wp-json\/wp\/v2\/comments?post=3962"}],"version-history":[{"count":10,"href":"https:\/\/concess.transport-manager.net\/vdi\/wp-json\/wp\/v2\/pages\/3962\/revisions"}],"predecessor-version":[{"id":3985,"href":"https:\/\/concess.transport-manager.net\/vdi\/wp-json\/wp\/v2\/pages\/3962\/revisions\/3985"}],"wp:attachment":[{"href":"https:\/\/concess.transport-manager.net\/vdi\/wp-json\/wp\/v2\/media?parent=3962"}],"curies":[{"name":"wp","href":"https:\/\/api.w.org\/{rel}","templated":true}]}}