{"id":603,"date":"2021-02-16T15:36:43","date_gmt":"2021-02-16T14:36:43","guid":{"rendered":"https:\/\/concess.transport-manager.net\/vdi\/?page_id=603"},"modified":"2022-12-29T21:18:48","modified_gmt":"2022-12-29T20:18:48","slug":"services-alliance","status":"publish","type":"page","link":"https:\/\/concess.transport-manager.net\/vdi\/services-alliance\/","title":{"rendered":"Services Alliance"},"content":{"rendered":"\n<figure class=\"wp-block-image alignfull size-large\"><img loading=\"lazy\" decoding=\"async\" width=\"1024\" height=\"575\" src=\"https:\/\/concess.transport-manager.net\/vdi\/wp-content\/uploads\/sites\/6\/2021\/02\/50939467277_98c73f9ad9_k-edited-1536x863-1-1024x575.png\" alt=\"\" class=\"wp-image-626\" srcset=\"https:\/\/concess.transport-manager.net\/vdi\/wp-content\/uploads\/sites\/6\/2021\/02\/50939467277_98c73f9ad9_k-edited-1536x863-1-1024x575.png 1024w, https:\/\/concess.transport-manager.net\/vdi\/wp-content\/uploads\/sites\/6\/2021\/02\/50939467277_98c73f9ad9_k-edited-1536x863-1-300x169.png 300w, https:\/\/concess.transport-manager.net\/vdi\/wp-content\/uploads\/sites\/6\/2021\/02\/50939467277_98c73f9ad9_k-edited-1536x863-1-768x432.png 768w, https:\/\/concess.transport-manager.net\/vdi\/wp-content\/uploads\/sites\/6\/2021\/02\/50939467277_98c73f9ad9_k-edited-1536x863-1.png 1536w\" sizes=\"auto, (max-width: 1024px) 100vw, 1024px\" \/><\/figure>\n\n\n\n<p>La concession VDI vous propose un service personnalit\u00e9 pour les alliances afin de faciliter les d\u00e9marches.<\/p>\n\n\n\n<hr class=\"wp-block-separator has-css-opacity\" \/>\n\n\n\n<h2 class=\"wp-block-heading\" id=\"avantages-proposees\"><strong>Avantages propos\u00e9es :<\/strong><\/h2>\n\n\n\n<p>\u00c0 Venir&#8230;<\/p>\n\n\n\n<hr class=\"wp-block-separator has-css-opacity\" \/>\n\n\n\n<h2 class=\"wp-block-heading\" id=\"ou-demander-votre-avantage\"><strong>O\u00f9 demander vos avantages ? <\/strong><\/h2>\n\n\n\n<p>Discutons en priv\u00e9 sur discord !<\/p>\n\n\n\n<p><\/p>\n","protected":false},"excerpt":{"rendered":"<p>La concession VDI vous propose un service personnalit\u00e9 pour les alliances afin de faciliter les d\u00e9marches. Avantages propos\u00e9es : \u00c0 Venir&#8230; O\u00f9 demander vos avantages ? Discutons en priv\u00e9 sur discord !<\/p>\n","protected":false},"author":7,"featured_media":2638,"parent":0,"menu_order":0,"comment_status":"closed","ping_status":"closed","template":"","meta":{"footnotes":""},"class_list":["post-603","page","type-page","status-publish","has-post-thumbnail","hentry"],"_links":{"self":[{"href":"https:\/\/concess.transport-manager.net\/vdi\/wp-json\/wp\/v2\/pages\/603","targetHints":{"allow":["GET"]}}],"collection":[{"href":"https:\/\/concess.transport-manager.net\/vdi\/wp-json\/wp\/v2\/pages"}],"about":[{"href":"https:\/\/concess.transport-manager.net\/vdi\/wp-json\/wp\/v2\/types\/page"}],"author":[{"embeddable":true,"href":"https:\/\/concess.transport-manager.net\/vdi\/wp-json\/wp\/v2\/users\/7"}],"replies":[{"embeddable":true,"href":"https:\/\/concess.transport-manager.net\/vdi\/wp-json\/wp\/v2\/comments?post=603"}],"version-history":[{"count":18,"href":"https:\/\/concess.transport-manager.net\/vdi\/wp-json\/wp\/v2\/pages\/603\/revisions"}],"predecessor-version":[{"id":2639,"href":"https:\/\/concess.transport-manager.net\/vdi\/wp-json\/wp\/v2\/pages\/603\/revisions\/2639"}],"wp:featuredmedia":[{"embeddable":true,"href":"https:\/\/concess.transport-manager.net\/vdi\/wp-json\/wp\/v2\/media\/2638"}],"wp:attachment":[{"href":"https:\/\/concess.transport-manager.net\/vdi\/wp-json\/wp\/v2\/media?parent=603"}],"curies":[{"name":"wp","href":"https:\/\/api.w.org\/{rel}","templated":true}]}}