{"id":9,"date":"2021-01-03T14:08:31","date_gmt":"2021-01-03T13:08:31","guid":{"rendered":"https:\/\/concess.transport-manager.net\/accesscar\/?page_id=9"},"modified":"2026-03-21T11:59:26","modified_gmt":"2026-03-21T10:59:26","slug":"acceuil","status":"publish","type":"page","link":"https:\/\/concess.transport-manager.net\/vdi\/","title":{"rendered":"Bienvenue sur votre site"},"content":{"rendered":"\n<hr class=\"wp-block-separator has-alpha-channel-opacity\" \/>\n\n\n\n<figure class=\"wp-block-image alignfull size-large\"><img loading=\"lazy\" decoding=\"async\" width=\"1024\" height=\"331\" src=\"https:\/\/concess.transport-manager.net\/vdi\/wp-content\/uploads\/sites\/6\/2026\/03\/Blanc-Grille-avec-Moderne-Abstrait-Formes-Tombola-Billet-1024x331.png\" alt=\"\" class=\"wp-image-3957\" srcset=\"https:\/\/concess.transport-manager.net\/vdi\/wp-content\/uploads\/sites\/6\/2026\/03\/Blanc-Grille-avec-Moderne-Abstrait-Formes-Tombola-Billet-1024x331.png 1024w, https:\/\/concess.transport-manager.net\/vdi\/wp-content\/uploads\/sites\/6\/2026\/03\/Blanc-Grille-avec-Moderne-Abstrait-Formes-Tombola-Billet-300x97.png 300w, https:\/\/concess.transport-manager.net\/vdi\/wp-content\/uploads\/sites\/6\/2026\/03\/Blanc-Grille-avec-Moderne-Abstrait-Formes-Tombola-Billet-768x248.png 768w, https:\/\/concess.transport-manager.net\/vdi\/wp-content\/uploads\/sites\/6\/2026\/03\/Blanc-Grille-avec-Moderne-Abstrait-Formes-Tombola-Billet-1536x497.png 1536w, https:\/\/concess.transport-manager.net\/vdi\/wp-content\/uploads\/sites\/6\/2026\/03\/Blanc-Grille-avec-Moderne-Abstrait-Formes-Tombola-Billet-1200x388.png 1200w, https:\/\/concess.transport-manager.net\/vdi\/wp-content\/uploads\/sites\/6\/2026\/03\/Blanc-Grille-avec-Moderne-Abstrait-Formes-Tombola-Billet-1980x641.png 1980w, https:\/\/concess.transport-manager.net\/vdi\/wp-content\/uploads\/sites\/6\/2026\/03\/Blanc-Grille-avec-Moderne-Abstrait-Formes-Tombola-Billet.png 2000w\" sizes=\"auto, (max-width: 1024px) 100vw, 1024px\" \/><\/figure>\n\n\n\n<div class=\"wp-block-buttons is-content-justification-center is-layout-flex wp-container-core-buttons-is-layout-16018d1d wp-block-buttons-is-layout-flex\">\n<div class=\"wp-block-button\"><a class=\"wp-block-button__link wp-element-button\" href=\"https:\/\/concess.transport-manager.net\/vdi\/mega-tombola-des-5-ans-vdi\/\">PRENEZ VOS TICKETS ICI<\/a><\/div>\n<\/div>\n\n\n\n<hr class=\"wp-block-separator has-alpha-channel-opacity\" \/>\n\n\n\n<div class=\"wp-block-columns alignwide is-layout-flex wp-container-core-columns-is-layout-9d6595d7 wp-block-columns-is-layout-flex\">\n<div class=\"wp-block-column is-layout-flow wp-block-column-is-layout-flow\">\n<h2 class=\"wp-block-heading has-text-align-right\">Notre catalogue<\/h2>\n\n\n\n<figure class=\"wp-block-image size-large\"><a href=\"https:\/\/concess.transport-manager.net\/vdi\/la-boutique-by-vdi\/\"><img loading=\"lazy\" decoding=\"async\" width=\"1024\" height=\"1024\" src=\"http:\/\/concess.transport-manager.net\/vdi\/wp-content\/uploads\/sites\/6\/2025\/12\/Gris-Simple-Voiture-Publication-Instgaram-1024x1024.png\" alt=\"\" class=\"wp-image-3757\" srcset=\"https:\/\/concess.transport-manager.net\/vdi\/wp-content\/uploads\/sites\/6\/2025\/12\/Gris-Simple-Voiture-Publication-Instgaram-1024x1024.png 1024w, https:\/\/concess.transport-manager.net\/vdi\/wp-content\/uploads\/sites\/6\/2025\/12\/Gris-Simple-Voiture-Publication-Instgaram-300x300.png 300w, https:\/\/concess.transport-manager.net\/vdi\/wp-content\/uploads\/sites\/6\/2025\/12\/Gris-Simple-Voiture-Publication-Instgaram-150x150.png 150w, https:\/\/concess.transport-manager.net\/vdi\/wp-content\/uploads\/sites\/6\/2025\/12\/Gris-Simple-Voiture-Publication-Instgaram-768x768.png 768w, https:\/\/concess.transport-manager.net\/vdi\/wp-content\/uploads\/sites\/6\/2025\/12\/Gris-Simple-Voiture-Publication-Instgaram.png 1080w\" sizes=\"auto, (max-width: 1024px) 100vw, 1024px\" \/><\/a><\/figure>\n<\/div>\n\n\n\n<div class=\"wp-block-column is-layout-flow wp-block-column-is-layout-flow\">\n<h2 class=\"wp-block-heading has-text-align-right\">Notre catalogue<\/h2>\n\n\n\n<figure class=\"wp-block-image size-large\"><a href=\"https:\/\/concess.transport-manager.net\/vdi\/la-boutique-by-vdi-occ\/\"><img loading=\"lazy\" decoding=\"async\" width=\"1024\" height=\"1024\" src=\"http:\/\/concess.transport-manager.net\/vdi\/wp-content\/uploads\/sites\/6\/2025\/12\/Gris-Simple-Voiture-Publication-Instgaram-1-1024x1024.png\" alt=\"\" class=\"wp-image-3758\" srcset=\"https:\/\/concess.transport-manager.net\/vdi\/wp-content\/uploads\/sites\/6\/2025\/12\/Gris-Simple-Voiture-Publication-Instgaram-1-1024x1024.png 1024w, https:\/\/concess.transport-manager.net\/vdi\/wp-content\/uploads\/sites\/6\/2025\/12\/Gris-Simple-Voiture-Publication-Instgaram-1-300x300.png 300w, https:\/\/concess.transport-manager.net\/vdi\/wp-content\/uploads\/sites\/6\/2025\/12\/Gris-Simple-Voiture-Publication-Instgaram-1-150x150.png 150w, https:\/\/concess.transport-manager.net\/vdi\/wp-content\/uploads\/sites\/6\/2025\/12\/Gris-Simple-Voiture-Publication-Instgaram-1-768x768.png 768w, https:\/\/concess.transport-manager.net\/vdi\/wp-content\/uploads\/sites\/6\/2025\/12\/Gris-Simple-Voiture-Publication-Instgaram-1.png 1080w\" sizes=\"auto, (max-width: 1024px) 100vw, 1024px\" \/><\/a><\/figure>\n<\/div>\n\n\n\n<div class=\"wp-block-column is-layout-flow wp-block-column-is-layout-flow\">\n<h2 class=\"wp-block-heading has-text-align-center\">La location<\/h2>\n\n\n\n<figure class=\"wp-block-image size-large\"><a href=\"https:\/\/concess.transport-manager.net\/vdi\/services-de-location\/\"><img loading=\"lazy\" decoding=\"async\" width=\"1024\" height=\"1024\" src=\"https:\/\/concess.transport-manager.net\/vdi\/wp-content\/uploads\/sites\/6\/2025\/12\/Gris-Simple-Voiture-Publication-Instgaram-2-1024x1024.png\" alt=\"\" class=\"wp-image-3764\" srcset=\"https:\/\/concess.transport-manager.net\/vdi\/wp-content\/uploads\/sites\/6\/2025\/12\/Gris-Simple-Voiture-Publication-Instgaram-2-1024x1024.png 1024w, https:\/\/concess.transport-manager.net\/vdi\/wp-content\/uploads\/sites\/6\/2025\/12\/Gris-Simple-Voiture-Publication-Instgaram-2-300x300.png 300w, https:\/\/concess.transport-manager.net\/vdi\/wp-content\/uploads\/sites\/6\/2025\/12\/Gris-Simple-Voiture-Publication-Instgaram-2-150x150.png 150w, https:\/\/concess.transport-manager.net\/vdi\/wp-content\/uploads\/sites\/6\/2025\/12\/Gris-Simple-Voiture-Publication-Instgaram-2-768x768.png 768w, https:\/\/concess.transport-manager.net\/vdi\/wp-content\/uploads\/sites\/6\/2025\/12\/Gris-Simple-Voiture-Publication-Instgaram-2.png 1080w\" sizes=\"auto, (max-width: 1024px) 100vw, 1024px\" \/><\/a><\/figure>\n<\/div>\n<\/div>\n\n\n\n<hr class=\"wp-block-separator has-alpha-channel-opacity is-style-wide\" \/>\n\n\n\n<h2 class=\"wp-block-heading alignwide has-text-align-center\" id=\"barom\u00e8tre\">Le barom\u00e8tre sant\u00e9 de la concession !<\/h2>\n\n\n\n<div class=\"wp-block-media-text alignwide is-stacked-on-mobile\"><figure class=\"wp-block-media-text__media\"><img loading=\"lazy\" decoding=\"async\" width=\"410\" height=\"1024\" src=\"http:\/\/concess.transport-manager.net\/vdi\/wp-content\/uploads\/sites\/6\/2025\/06\/Barom2-410x1024.jpg\" alt=\"\" class=\"wp-image-3516 size-full\" srcset=\"https:\/\/concess.transport-manager.net\/vdi\/wp-content\/uploads\/sites\/6\/2025\/06\/Barom2-410x1024.jpg 410w, https:\/\/concess.transport-manager.net\/vdi\/wp-content\/uploads\/sites\/6\/2025\/06\/Barom2-120x300.jpg 120w, https:\/\/concess.transport-manager.net\/vdi\/wp-content\/uploads\/sites\/6\/2025\/06\/Barom2-768x1920.jpg 768w, https:\/\/concess.transport-manager.net\/vdi\/wp-content\/uploads\/sites\/6\/2025\/06\/Barom2.jpg 800w\" sizes=\"auto, (max-width: 410px) 100vw, 410px\" \/><\/figure><div class=\"wp-block-media-text__content\">\n<p><strong>Situation normale :<\/strong><br>La concession VDI fonctionne actuellement avec des d\u00e9lais standards. Toutefois, la publication des devis peut \u00eatre l\u00e9g\u00e8rement retard\u00e9e, en particulier le week-end (du vendredi au lundi).<\/p>\n\n\n\n<p>Les actions quotidiennes sont peu ou pas impact\u00e9es, sauf durant cette p\u00e9riode de week-end (vendredi \u00e0 lundi), pendant laquelle l\u2019activit\u00e9 de la concession est tr\u00e8s r\u00e9duite.<\/p>\n\n\n\n<p>En dehors de ces jours, des d\u00e9lais normaux sont \u00e0 pr\u00e9voir, sauf indication contraire.<\/p>\n\n\n\n<p>Une question sur le barom\u00e8tre, son utilit\u00e9 ou son fonctionnement ? N\u2019h\u00e9sitez pas \u00e0 la poser \u00e0 votre concessionnaire !<\/p>\n<\/div><\/div>\n\n\n\n<hr class=\"wp-block-separator has-alpha-channel-opacity\" \/>\n\n\n\n<figure class=\"wp-block-image size-full\"><img loading=\"lazy\" decoding=\"async\" width=\"1318\" height=\"140\" src=\"http:\/\/concess.transport-manager.net\/vdi\/wp-content\/uploads\/sites\/6\/2024\/10\/Capture-decran-2024-10-27-015300.png\" alt=\"\" class=\"wp-image-2904\" srcset=\"https:\/\/concess.transport-manager.net\/vdi\/wp-content\/uploads\/sites\/6\/2024\/10\/Capture-decran-2024-10-27-015300.png 1318w, https:\/\/concess.transport-manager.net\/vdi\/wp-content\/uploads\/sites\/6\/2024\/10\/Capture-decran-2024-10-27-015300-300x32.png 300w, https:\/\/concess.transport-manager.net\/vdi\/wp-content\/uploads\/sites\/6\/2024\/10\/Capture-decran-2024-10-27-015300-1024x109.png 1024w, https:\/\/concess.transport-manager.net\/vdi\/wp-content\/uploads\/sites\/6\/2024\/10\/Capture-decran-2024-10-27-015300-768x82.png 768w, https:\/\/concess.transport-manager.net\/vdi\/wp-content\/uploads\/sites\/6\/2024\/10\/Capture-decran-2024-10-27-015300-1232x131.png 1232w\" sizes=\"auto, (max-width: 1318px) 100vw, 1318px\" \/><\/figure>\n\n\n\n<div class=\"wp-block-columns alignwide is-layout-flex wp-container-core-columns-is-layout-9d6595d7 wp-block-columns-is-layout-flex\">\n<div class=\"wp-block-column is-layout-flow wp-block-column-is-layout-flow\">\n<figure class=\"wp-block-image size-full\"><img loading=\"lazy\" decoding=\"async\" width=\"800\" height=\"353\" src=\"http:\/\/concess.transport-manager.net\/vdi\/wp-content\/uploads\/sites\/6\/2024\/10\/IRIZARlogo-1.png\" alt=\"\" class=\"wp-image-2880\" srcset=\"https:\/\/concess.transport-manager.net\/vdi\/wp-content\/uploads\/sites\/6\/2024\/10\/IRIZARlogo-1.png 800w, https:\/\/concess.transport-manager.net\/vdi\/wp-content\/uploads\/sites\/6\/2024\/10\/IRIZARlogo-1-300x132.png 300w, https:\/\/concess.transport-manager.net\/vdi\/wp-content\/uploads\/sites\/6\/2024\/10\/IRIZARlogo-1-768x339.png 768w\" sizes=\"auto, (max-width: 800px) 100vw, 800px\" \/><\/figure>\n<\/div>\n\n\n\n<div class=\"wp-block-column is-layout-flow wp-block-column-is-layout-flow\">\n<figure class=\"wp-block-image size-full\"><img loading=\"lazy\" decoding=\"async\" width=\"800\" height=\"353\" src=\"http:\/\/concess.transport-manager.net\/vdi\/wp-content\/uploads\/sites\/6\/2024\/10\/HESSlogoV24-1.png\" alt=\"\" class=\"wp-image-2881\" srcset=\"https:\/\/concess.transport-manager.net\/vdi\/wp-content\/uploads\/sites\/6\/2024\/10\/HESSlogoV24-1.png 800w, https:\/\/concess.transport-manager.net\/vdi\/wp-content\/uploads\/sites\/6\/2024\/10\/HESSlogoV24-1-300x132.png 300w, https:\/\/concess.transport-manager.net\/vdi\/wp-content\/uploads\/sites\/6\/2024\/10\/HESSlogoV24-1-768x339.png 768w\" sizes=\"auto, (max-width: 800px) 100vw, 800px\" \/><\/figure>\n<\/div>\n\n\n\n<div class=\"wp-block-column is-layout-flow wp-block-column-is-layout-flow\">\n<figure class=\"wp-block-image size-full\"><img loading=\"lazy\" decoding=\"async\" width=\"800\" height=\"353\" src=\"http:\/\/concess.transport-manager.net\/vdi\/wp-content\/uploads\/sites\/6\/2024\/10\/VDLlogoV24-1.png\" alt=\"\" class=\"wp-image-2886\" srcset=\"https:\/\/concess.transport-manager.net\/vdi\/wp-content\/uploads\/sites\/6\/2024\/10\/VDLlogoV24-1.png 800w, https:\/\/concess.transport-manager.net\/vdi\/wp-content\/uploads\/sites\/6\/2024\/10\/VDLlogoV24-1-300x132.png 300w, https:\/\/concess.transport-manager.net\/vdi\/wp-content\/uploads\/sites\/6\/2024\/10\/VDLlogoV24-1-768x339.png 768w\" sizes=\"auto, (max-width: 800px) 100vw, 800px\" \/><\/figure>\n<\/div>\n\n\n\n<div class=\"wp-block-column is-layout-flow wp-block-column-is-layout-flow\">\n<figure class=\"wp-block-image size-full\"><img loading=\"lazy\" decoding=\"async\" width=\"800\" height=\"353\" src=\"http:\/\/concess.transport-manager.net\/vdi\/wp-content\/uploads\/sites\/6\/2024\/10\/VHlogoV24.png\" alt=\"\" class=\"wp-image-2887\" srcset=\"https:\/\/concess.transport-manager.net\/vdi\/wp-content\/uploads\/sites\/6\/2024\/10\/VHlogoV24.png 800w, https:\/\/concess.transport-manager.net\/vdi\/wp-content\/uploads\/sites\/6\/2024\/10\/VHlogoV24-300x132.png 300w, https:\/\/concess.transport-manager.net\/vdi\/wp-content\/uploads\/sites\/6\/2024\/10\/VHlogoV24-768x339.png 768w\" sizes=\"auto, (max-width: 800px) 100vw, 800px\" \/><\/figure>\n<\/div>\n<\/div>\n\n\n\n<figure class=\"wp-block-image alignwide\"><img loading=\"lazy\" decoding=\"async\" width=\"1180\" height=\"300\" src=\"https:\/\/concess.transport-manager.net\/vdi\/wp-content\/uploads\/sites\/6\/2021\/07\/ebus-depot.png\" alt=\"\" class=\"wp-image-1048\" srcset=\"https:\/\/concess.transport-manager.net\/vdi\/wp-content\/uploads\/sites\/6\/2021\/07\/ebus-depot.png 1180w, https:\/\/concess.transport-manager.net\/vdi\/wp-content\/uploads\/sites\/6\/2021\/07\/ebus-depot-300x76.png 300w, https:\/\/concess.transport-manager.net\/vdi\/wp-content\/uploads\/sites\/6\/2021\/07\/ebus-depot-1024x260.png 1024w, https:\/\/concess.transport-manager.net\/vdi\/wp-content\/uploads\/sites\/6\/2021\/07\/ebus-depot-768x195.png 768w\" sizes=\"auto, (max-width: 1180px) 100vw, 1180px\" \/><\/figure>\n\n\n\n<p class=\"has-text-align-center\"><\/p>\n","protected":false},"excerpt":{"rendered":"<p>Notre catalogue Notre catalogue La location Le barom\u00e8tre sant\u00e9 de la concession ! Situation normale :La concession VDI fonctionne actuellement avec des d\u00e9lais standards. Toutefois, la publication des devis peut \u00eatre l\u00e9g\u00e8rement retard\u00e9e, en particulier le week-end (du vendredi au lundi). Les actions quotidiennes sont peu ou pas impact\u00e9es, sauf durant cette p\u00e9riode de week-end [&hellip;]<\/p>\n","protected":false},"author":7,"featured_media":3746,"parent":0,"menu_order":0,"comment_status":"closed","ping_status":"closed","template":"","meta":{"footnotes":""},"class_list":["post-9","page","type-page","status-publish","has-post-thumbnail","hentry"],"_links":{"self":[{"href":"https:\/\/concess.transport-manager.net\/vdi\/wp-json\/wp\/v2\/pages\/9","targetHints":{"allow":["GET"]}}],"collection":[{"href":"https:\/\/concess.transport-manager.net\/vdi\/wp-json\/wp\/v2\/pages"}],"about":[{"href":"https:\/\/concess.transport-manager.net\/vdi\/wp-json\/wp\/v2\/types\/page"}],"author":[{"embeddable":true,"href":"https:\/\/concess.transport-manager.net\/vdi\/wp-json\/wp\/v2\/users\/7"}],"replies":[{"embeddable":true,"href":"https:\/\/concess.transport-manager.net\/vdi\/wp-json\/wp\/v2\/comments?post=9"}],"version-history":[{"count":97,"href":"https:\/\/concess.transport-manager.net\/vdi\/wp-json\/wp\/v2\/pages\/9\/revisions"}],"predecessor-version":[{"id":3969,"href":"https:\/\/concess.transport-manager.net\/vdi\/wp-json\/wp\/v2\/pages\/9\/revisions\/3969"}],"wp:featuredmedia":[{"embeddable":true,"href":"https:\/\/concess.transport-manager.net\/vdi\/wp-json\/wp\/v2\/media\/3746"}],"wp:attachment":[{"href":"https:\/\/concess.transport-manager.net\/vdi\/wp-json\/wp\/v2\/media?parent=9"}],"curies":[{"name":"wp","href":"https:\/\/api.w.org\/{rel}","templated":true}]}}