{"id":2824,"date":"2024-11-30T19:55:18","date_gmt":"2024-11-30T18:55:18","guid":{"rendered":"https:\/\/concess.transport-manager.net\/vhs\/?page_id=2824"},"modified":"2024-11-30T19:55:18","modified_gmt":"2024-11-30T18:55:18","slug":"fermeture-definitive","status":"publish","type":"page","link":"https:\/\/concess.transport-manager.net\/vhs\/","title":{"rendered":"Fermeture d\u00e9finitive"},"content":{"rendered":"\n<p>30 novembre 2024<\/p>\n\n\n\n<p>Fermeture d\u00e9finitive de la concession VHS<\/p>\n\n\n\n<h2 class=\"wp-block-heading has-text-align-center\">La marque SCANIA a \u00e9t\u00e9 reprise par la concession <a href=\"https:\/\/concess.transport-manager.net\/mvmate\/\">MV Mate<\/a><br>et la marque VAN HOOL par la concession <a href=\"https:\/\/concess.transport-manager.net\/vdi\/\">VDI<\/a>.<\/h2>\n\n\n\n<p>Cela implique plusieurs cons\u00e9quences :<\/p>\n\n\n\n<ul class=\"wp-block-list\">\n<li>Les programmes fid\u00e9lit\u00e9s de VHS ont \u00e9t\u00e9 transf\u00e9r\u00e9s chez MV Mate et VDI.<\/li>\n\n\n\n<li>Les garanties de vos v\u00e9hicules Scania et Van Hool sont automatiquement transf\u00e9r\u00e9es chez MVMate et VDI.<br>D\u00e8s aujourd\u2019hui, vous \u00eates invit\u00e9 \u00e0 faire appel au SAV de ces concessions en cas d\u2019appel \u00e0 la garantie.<\/li>\n\n\n\n<li>Les devis non termin\u00e9s sont en cours de transfert chez MV Mate et chez VDI.<br>Les v\u00e9hicules command\u00e9s avant le 30\/11 et dont la fabrication a \u00e9t\u00e9 lanc\u00e9e seront livr\u00e9s le 1er d\u00e9cembre par l\u2019administration.<br>Si vous aviez des commandes automatiques ou planifi\u00e9es, il vous faudra repasser ordre de commande \u00e0 partir de ce dimanche 1er d\u00e9cembre dans vos devis pour que les nouveaux concessionnaires puissent en prendre connaissance.<\/li>\n\n\n\n<li>Les LOA en cours de LEBOSS771 (devis 22591), SMD (21929), Gus (23323 et 23837), PikaaxYT (24013), Gabledingue22 (22104) se poursuivent chez <a href=\"https:\/\/concess.transport-manager.net\/mvmate\/\">MVMate<\/a> aux m\u00eames conditions.<\/li>\n\n\n\n<li>Les LCD en cours de PinguiFabgeeklab (fin le 08\/12) et Bibi93 (fin le 17\/12) ne seront pas transf\u00e9r\u00e9es, en cas de besoin de SAV, merci de faire la demande dans vos devis sur le <a href=\"https:\/\/forum.transport-manager.net\/forum-232.html\">forum de VHS<\/a>.<\/li>\n<\/ul>\n\n\n\n<div class=\"wp-block-columns is-layout-flex wp-container-core-columns-is-layout-9d6595d7 wp-block-columns-is-layout-flex\">\n<div class=\"wp-block-column is-layout-flow wp-block-column-is-layout-flow\">\n<h2 class=\"wp-block-heading has-text-align-center\"><a href=\"https:\/\/concess.transport-manager.net\/mvmate\/\">MV Mate<\/a><\/h2>\n\n\n<div class=\"wp-block-image\">\n<figure class=\"aligncenter size-full is-resized\"><a href=\"https:\/\/concess.transport-manager.net\/mvmate\/\"><img loading=\"lazy\" decoding=\"async\" width=\"1024\" height=\"576\" src=\"https:\/\/concess.transport-manager.net\/vhs\/wp-content\/uploads\/sites\/4\/2024\/11\/image.png\" alt=\"\" class=\"wp-image-2825\" style=\"width:453px;height:auto\" srcset=\"https:\/\/concess.transport-manager.net\/vhs\/wp-content\/uploads\/sites\/4\/2024\/11\/image.png 1024w, https:\/\/concess.transport-manager.net\/vhs\/wp-content\/uploads\/sites\/4\/2024\/11\/image-300x169.png 300w, https:\/\/concess.transport-manager.net\/vhs\/wp-content\/uploads\/sites\/4\/2024\/11\/image-768x432.png 768w\" sizes=\"auto, (max-width: 1024px) 100vw, 1024px\" \/><\/a><\/figure>\n<\/div><\/div>\n\n\n\n<div class=\"wp-block-column is-layout-flow wp-block-column-is-layout-flow\">\n<h2 class=\"wp-block-heading has-text-align-center\"><a href=\"https:\/\/concess.transport-manager.net\/vdi\/\">VDI<\/a><\/h2>\n\n\n<div class=\"wp-block-image\">\n<figure class=\"aligncenter size-full is-resized\"><a href=\"https:\/\/concess.transport-manager.net\/vdi\/\"><img loading=\"lazy\" decoding=\"async\" width=\"800\" height=\"400\" src=\"https:\/\/concess.transport-manager.net\/vhs\/wp-content\/uploads\/sites\/4\/2024\/11\/image-1.png\" alt=\"\" class=\"wp-image-2826\" style=\"width:507px;height:auto\" srcset=\"https:\/\/concess.transport-manager.net\/vhs\/wp-content\/uploads\/sites\/4\/2024\/11\/image-1.png 800w, https:\/\/concess.transport-manager.net\/vhs\/wp-content\/uploads\/sites\/4\/2024\/11\/image-1-300x150.png 300w, https:\/\/concess.transport-manager.net\/vhs\/wp-content\/uploads\/sites\/4\/2024\/11\/image-1-768x384.png 768w\" sizes=\"auto, (max-width: 800px) 100vw, 800px\" \/><\/a><\/figure>\n<\/div><\/div>\n<\/div>\n","protected":false},"excerpt":{"rendered":"<p>30 novembre 2024 Fermeture d\u00e9finitive de la concession VHS La marque SCANIA a \u00e9t\u00e9 reprise par la concession MV Mateet la marque VAN HOOL par la concession VDI. Cela implique plusieurs cons\u00e9quences : MV Mate VDI<\/p>\n","protected":false},"author":17,"featured_media":0,"parent":0,"menu_order":0,"comment_status":"closed","ping_status":"closed","template":"","meta":{"neve_meta_sidebar":"","neve_meta_container":"","neve_meta_enable_content_width":"","neve_meta_content_width":0,"neve_meta_title_alignment":"","neve_meta_author_avatar":"","neve_post_elements_order":"","neve_meta_disable_header":"","neve_meta_disable_footer":"","neve_meta_disable_title":"","footnotes":""},"class_list":["post-2824","page","type-page","status-publish","hentry"],"_links":{"self":[{"href":"https:\/\/concess.transport-manager.net\/vhs\/wp-json\/wp\/v2\/pages\/2824","targetHints":{"allow":["GET"]}}],"collection":[{"href":"https:\/\/concess.transport-manager.net\/vhs\/wp-json\/wp\/v2\/pages"}],"about":[{"href":"https:\/\/concess.transport-manager.net\/vhs\/wp-json\/wp\/v2\/types\/page"}],"author":[{"embeddable":true,"href":"https:\/\/concess.transport-manager.net\/vhs\/wp-json\/wp\/v2\/users\/17"}],"replies":[{"embeddable":true,"href":"https:\/\/concess.transport-manager.net\/vhs\/wp-json\/wp\/v2\/comments?post=2824"}],"version-history":[{"count":1,"href":"https:\/\/concess.transport-manager.net\/vhs\/wp-json\/wp\/v2\/pages\/2824\/revisions"}],"predecessor-version":[{"id":2827,"href":"https:\/\/concess.transport-manager.net\/vhs\/wp-json\/wp\/v2\/pages\/2824\/revisions\/2827"}],"wp:attachment":[{"href":"https:\/\/concess.transport-manager.net\/vhs\/wp-json\/wp\/v2\/media?parent=2824"}],"curies":[{"name":"wp","href":"https:\/\/api.w.org\/{rel}","templated":true}]}}